{"id":5096,"date":"2020-01-22T21:42:39","date_gmt":"2020-01-22T19:42:39","guid":{"rendered":"http:\/\/erbacher-hexen.de\/wordpress\/?page_id=5096"},"modified":"2023-02-14T10:19:08","modified_gmt":"2023-02-14T08:19:08","slug":"beitrittserklaerung","status":"publish","type":"page","link":"https:\/\/erbacher-hexen.de\/wordpress\/beitrittserklaerung","title":{"rendered":"Beitrittserkl\u00e4rung"},"content":{"rendered":"\t\t<div data-elementor-type=\"wp-page\" data-elementor-id=\"5096\" class=\"elementor elementor-5096\">\n\t\t\t\t\t\t<section class=\"elementor-section elementor-top-section elementor-element elementor-element-7b35b31 elementor-section-boxed elementor-section-height-default elementor-section-height-default\" data-id=\"7b35b31\" data-element_type=\"section\" data-e-type=\"section\">\n\t\t\t\t\t\t<div class=\"elementor-container elementor-column-gap-default\">\n\t\t\t\t\t<div class=\"elementor-column elementor-col-100 elementor-top-column elementor-element elementor-element-56ab7af\" data-id=\"56ab7af\" data-element_type=\"column\" data-e-type=\"column\">\n\t\t\t<div class=\"elementor-widget-wrap elementor-element-populated\">\n\t\t\t\t\t\t<div class=\"elementor-element elementor-element-2ac4d4d elementor-widget elementor-widget-heading\" data-id=\"2ac4d4d\" data-element_type=\"widget\" data-e-type=\"widget\" data-widget_type=\"heading.default\">\n\t\t\t\t<div class=\"elementor-widget-container\">\n\t\t\t\t\t<h2 class=\"elementor-heading-title elementor-size-default\">Beitrittserkl\u00e4rung<\/h2>\t\t\t\t<\/div>\n\t\t\t\t<\/div>\n\t\t\t\t\t<\/div>\n\t\t<\/div>\n\t\t\t\t\t<\/div>\n\t\t<\/section>\n\t\t\t\t<section class=\"elementor-section elementor-top-section elementor-element elementor-element-d4a0d1a elementor-section-boxed elementor-section-height-default elementor-section-height-default\" data-id=\"d4a0d1a\" data-element_type=\"section\" data-e-type=\"section\">\n\t\t\t\t\t\t<div class=\"elementor-container elementor-column-gap-default\">\n\t\t\t\t\t<div class=\"elementor-column elementor-col-100 elementor-top-column elementor-element elementor-element-9d73797\" data-id=\"9d73797\" data-element_type=\"column\" data-e-type=\"column\">\n\t\t\t<div class=\"elementor-widget-wrap elementor-element-populated\">\n\t\t\t\t\t\t<div class=\"elementor-element elementor-element-b153db9 elementor-widget elementor-widget-premium-addon-image-button\" data-id=\"b153db9\" data-element_type=\"widget\" data-e-type=\"widget\" data-widget_type=\"premium-addon-image-button.default\">\n\t\t\t\t<div class=\"elementor-widget-container\">\n\t\t\t\t\t\r\n\t\t<a class=\"premium-image-button-none premium-image-button premium-btn-lg premium-image-button-none\" href=\"https:\/\/erbacher-hexen.de\/wordpress\/wp-content\/uploads\/2022\/02\/Beitrittserklaerung-_Hexen-.pdf\" target=\"_blank\">\r\n\t\t\t<div class=\"premium-image-button-text-icon-wrapper\">\r\n\r\n\t\t\t\t\r\n\t\t\t\t\t\t\t\t\t<span >\r\n\t\t\t\t\t\tHier l\u00e4sst sich die Beitrittserkl\u00e4rung herunterladen und in Ruhe ausf\u00fcllen (Klick)\t\t\t\t\t<\/span>\r\n\t\t\t\t\r\n\t\t\t<\/div>\r\n\r\n\t\t\t\r\n\t\t\t\r\n\t\t\t\r\n\t\t<\/a>\r\n\r\n\t\t\t\t\t\t<\/div>\n\t\t\t\t<\/div>\n\t\t\t\t<div class=\"elementor-element elementor-element-3cf86f4 elementor-widget elementor-widget-image\" data-id=\"3cf86f4\" data-element_type=\"widget\" data-e-type=\"widget\" data-widget_type=\"image.default\">\n\t\t\t\t<div class=\"elementor-widget-container\">\n\t\t\t\t\t\t\t\t\t\t\t\t\t\t\t<img fetchpriority=\"high\" decoding=\"async\" width=\"1062\" height=\"1500\" src=\"https:\/\/erbacher-hexen.de\/wordpress\/wp-content\/uploads\/2022\/02\/Beitrittserklaerung-1062x1500.jpg\" class=\"attachment-large size-large wp-image-5875\" alt=\"\" srcset=\"https:\/\/erbacher-hexen.de\/wordpress\/wp-content\/uploads\/2022\/02\/Beitrittserklaerung-1062x1500.jpg 1062w, https:\/\/erbacher-hexen.de\/wordpress\/wp-content\/uploads\/2022\/02\/Beitrittserklaerung-212x300.jpg 212w, https:\/\/erbacher-hexen.de\/wordpress\/wp-content\/uploads\/2022\/02\/Beitrittserklaerung-768x1085.jpg 768w, https:\/\/erbacher-hexen.de\/wordpress\/wp-content\/uploads\/2022\/02\/Beitrittserklaerung-1087x1536.jpg 1087w, https:\/\/erbacher-hexen.de\/wordpress\/wp-content\/uploads\/2022\/02\/Beitrittserklaerung-1450x2048.jpg 1450w, https:\/\/erbacher-hexen.de\/wordpress\/wp-content\/uploads\/2022\/02\/Beitrittserklaerung-920x1300.jpg 920w, https:\/\/erbacher-hexen.de\/wordpress\/wp-content\/uploads\/2022\/02\/Beitrittserklaerung-230x325.jpg 230w, https:\/\/erbacher-hexen.de\/wordpress\/wp-content\/uploads\/2022\/02\/Beitrittserklaerung-350x494.jpg 350w, https:\/\/erbacher-hexen.de\/wordpress\/wp-content\/uploads\/2022\/02\/Beitrittserklaerung-480x678.jpg 480w, https:\/\/erbacher-hexen.de\/wordpress\/wp-content\/uploads\/2022\/02\/Beitrittserklaerung-scaled.jpg 1812w\" sizes=\"(max-width: 1062px) 100vw, 1062px\" \/>\t\t\t\t\t\t\t\t\t\t\t\t\t\t\t<\/div>\n\t\t\t\t<\/div>\n\t\t\t\t\t<\/div>\n\t\t<\/div>\n\t\t\t\t\t<\/div>\n\t\t<\/section>\n\t\t\t\t<section class=\"elementor-section elementor-top-section elementor-element elementor-element-5ac2c8b elementor-section-boxed elementor-section-height-default elementor-section-height-default\" data-id=\"5ac2c8b\" data-element_type=\"section\" data-e-type=\"section\">\n\t\t\t\t\t\t<div class=\"elementor-container elementor-column-gap-default\">\n\t\t\t\t\t<div class=\"elementor-column elementor-col-100 elementor-top-column elementor-element elementor-element-b96e9eb\" data-id=\"b96e9eb\" data-element_type=\"column\" data-e-type=\"column\">\n\t\t\t<div class=\"elementor-widget-wrap elementor-element-populated\">\n\t\t\t\t\t\t<div class=\"elementor-element elementor-element-f751de4 elementor-align-center elementor-widget elementor-widget-button\" data-id=\"f751de4\" data-element_type=\"widget\" data-e-type=\"widget\" data-widget_type=\"button.default\">\n\t\t\t\t<div class=\"elementor-widget-container\">\n\t\t\t\t\t\t\t\t\t<div class=\"elementor-button-wrapper\">\n\t\t\t\t\t<a class=\"elementor-button elementor-button-link elementor-size-sm\" href=\"https:\/\/get.adobe.com\/de\/reader\/download\/?installer=Reader_DC_2019.021.20058_German_for_Windows&#038;os=Windows%2010&#038;browser_type=Gecko&#038;browser_dist=Firefox&#038;stype=7454\" target=\"_blank\">\n\t\t\t\t\t\t<span class=\"elementor-button-content-wrapper\">\n\t\t\t\t\t\t<span class=\"elementor-button-icon\">\n\t\t\t\t<i aria-hidden=\"true\" class=\"fas fa-hat-wizard\"><\/i>\t\t\t<\/span>\n\t\t\t\t\t\t\t\t\t<span class=\"elementor-button-text\">Um das Formular zu \u00f6ffnen ben\u00f6tigen sie den kostenlosen Acrobat-Reader.                                                           Hier kann man den kostenlosen Adobe Acrobat-Reader herunterladen<\/span>\n\t\t\t\t\t<\/span>\n\t\t\t\t\t<\/a>\n\t\t\t\t<\/div>\n\t\t\t\t\t\t\t\t<\/div>\n\t\t\t\t<\/div>\n\t\t\t\t\t<\/div>\n\t\t<\/div>\n\t\t\t\t\t<\/div>\n\t\t<\/section>\n\t\t\t\t<\/div>\n\t\t","protected":false},"excerpt":{"rendered":"<p>Beitrittserkl\u00e4rung Hier l\u00e4sst sich die Beitrittserkl\u00e4rung herunterladen und in Ruhe ausf\u00fcllen (Klick) Um das Formular zu \u00f6ffnen ben\u00f6tigen sie den kostenlosen Acrobat-Reader. [&hellip;]<\/p>\n","protected":false},"author":2,"featured_media":0,"parent":0,"menu_order":0,"comment_status":"closed","ping_status":"closed","template":"elementor_header_footer","meta":{"footnotes":""},"class_list":["post-5096","page","type-page","status-publish","hentry"],"_links":{"self":[{"href":"https:\/\/erbacher-hexen.de\/wordpress\/wp-json\/wp\/v2\/pages\/5096","targetHints":{"allow":["GET"]}}],"collection":[{"href":"https:\/\/erbacher-hexen.de\/wordpress\/wp-json\/wp\/v2\/pages"}],"about":[{"href":"https:\/\/erbacher-hexen.de\/wordpress\/wp-json\/wp\/v2\/types\/page"}],"author":[{"embeddable":true,"href":"https:\/\/erbacher-hexen.de\/wordpress\/wp-json\/wp\/v2\/users\/2"}],"replies":[{"embeddable":true,"href":"https:\/\/erbacher-hexen.de\/wordpress\/wp-json\/wp\/v2\/comments?post=5096"}],"version-history":[{"count":49,"href":"https:\/\/erbacher-hexen.de\/wordpress\/wp-json\/wp\/v2\/pages\/5096\/revisions"}],"predecessor-version":[{"id":5885,"href":"https:\/\/erbacher-hexen.de\/wordpress\/wp-json\/wp\/v2\/pages\/5096\/revisions\/5885"}],"wp:attachment":[{"href":"https:\/\/erbacher-hexen.de\/wordpress\/wp-json\/wp\/v2\/media?parent=5096"}],"curies":[{"name":"wp","href":"https:\/\/api.w.org\/{rel}","templated":true}]}}