{"id":4057,"date":"2018-05-25T09:47:25","date_gmt":"2018-05-25T07:47:25","guid":{"rendered":"http:\/\/erbacher-hexen.de\/wordpress\/?page_id=4057"},"modified":"2025-10-26T12:57:05","modified_gmt":"2025-10-26T10:57:05","slug":"datenschutz","status":"publish","type":"page","link":"https:\/\/erbacher-hexen.de\/wordpress\/datenschutz","title":{"rendered":"Datenschutz"},"content":{"rendered":"<p><strong>Geltungsbereich:<\/strong><\/p>\n<p>Diese Datenschutzerkl\u00e4rung gilt f\u00fcr das Internet-Angebot des Fassenachtsverein \u201cErbacher-Hexen\u201c Erbach im Rheingau e.V. <span style=\"color: #0000ff;\"><a style=\"color: #0000ff;\" href=\"http:\/\/www.erbacher-hexen.de\">http:\/\/www.erbacher-hexen.de<\/a><\/span> , f\u00fcr die \u00fcber diese Internetseiten erhobenen personenbezogenen Daten und die erhobenen personenbezogener Daten im Rahmen der Mitgliedschaft im Verein des\u00a0Fassenachtsverein \u201cErbacher-Hexen\u201c Erbach im Rheingau e.V..<\/p>\n<p>F\u00fcr Internetseiten anderer Anbieter, auf die z.B. \u00fcber Links verwiesen wird, gelten die dortigen Datenschutzhinweise und \u2013 erkl\u00e4rungen.<\/p>\n<p><strong>Verantwortlichkeit:<\/strong><\/p>\n<p>Verantwortlich gem. Art 4 Abs. 7 EU-Datenschutz Grundverordnung (DS-GVO) f\u00fcr die Verarbeitung personenbezogener Daten auf diesen Internetseiten\u00a0ist:<\/p>\n<p>Fassenachtsverein \u201cErbacher-Hexen\u201c Erbach im Rheingau e.V.<\/p>\n<p>Eingetragen im Vereinsregister des Amtsgericht Wiesbaden<\/p>\n<p>Vertreten durch die 1. Vorsitzende<\/p>\n<p>Nicole Bonertz<br \/>\nMarkt 1<br \/>\n65346 Eltville am Rhein<br \/>\nE-Mail: info@erbacher-hexen.de<\/p>\n<p><strong>Hosting:<\/strong><\/p>\n<p>Das Internet-Angebot wird von Alfahosting GmbH als technischem Dienstleister in unserem Auftrag und nach unseren Vorgaben vorgehalten.<\/p>\n<p><strong>Welche Daten speichern wir und wof\u00fcr nutzen wir sie?<\/strong><\/p>\n<p><strong><em>Webseite<\/em><\/strong><br \/>\nBei jeder Anforderung einer Internetdatei werden folgende nicht personenbeziehbare<br \/>\nZugriffsdaten bei uns f\u00fcr statistische Auswertungen gespeichert (Rechtsgrundlage ist Art 6 Abs. 1 S lit. f DS-GVO) :<\/p>\n<ul>\n<li>\u00a0\u00a0\u00a0 die Seite, von der aus die Datei angefordert wurde,<\/li>\n<li>\u00a0\u00a0\u00a0 der Name der aufgerufenen Datei,<\/li>\n<li>\u00a0\u00a0\u00a0 das Datum und die Uhrzeit der Anforderung,<\/li>\n<li>\u00a0\u00a0\u00a0 die \u00fcbertragene Datenmenge,<\/li>\n<li>\u00a0\u00a0\u00a0 der Zugriffsstatus (Datei \u00fcbertragen, Datei nicht gefunden etc.),<\/li>\n<li>\u00a0\u00a0\u00a0 die Zugriffsart (GET, POST),<\/li>\n<li>\u00a0\u00a0\u00a0 den verwendeten Browser bzw. das verwendeten Betriebssystem,<\/li>\n<li>\u00a0\u00a0\u00a0 die anonymisierte IP-Adresse des anfordernden Rechners,<\/li>\n<li>\u00a0\u00a0\u00a0 die Session-ID<\/li>\n<li>\u00a0\u00a0\u00a0 Cookies<\/li>\n<\/ul>\n<p>Aus Gr\u00fcnden der Datensicherheit, also um unerlaubte Zugriffe aufkl\u00e4ren oder Missbrauch der Internetseite verhindern zu k\u00f6nnen, wird die vollst\u00e4ndige IP-Adresse des anfordernden Rechners erfasst, gespeichert und sieben Tage nach dem Ende des Zugriffs automatisch gel\u00f6scht.<\/p>\n<p><em><strong>Vereinsmitgliedschaft<\/strong><\/em><\/p>\n<p>Im Rahmen der Vereinsmitgliedschaft erheben wir folgende Daten: Anrede, Vorname, Nachname,<br \/>\neine g\u00fcltige E-Mail-Adresse, Anschrift, Geburtsdatum, Telefonnummer, Bankinformationen.<br \/>\nDie Informationen sind notwendig um die im Rahmen ihrer Mitgliedschaft notwendigen Handlungen vorzunehmen. Zu diesen T\u00e4tigkeiten geh\u00f6rt die Einziehung ihres Vereinsbeitrages, sowie die regelm\u00e4\u00dfigen Informationsschreiben und die Durchf\u00fchrung von Vereinsversammlungen.<br \/>\nDie Datenverarbeitung erfolgt nach Art. 6 Abs. 1 S. 1 lit. b DSGVO zu den genannten Zwecken und ist f\u00fcr die beidseitige Erf\u00fcllung von Verpflichtungen aus der Vereinsmitgliedschaft erforderlich.<br \/>\nDie Informationen werden f\u00fcr die Dauer ihrer Mitgliedschaft gespeichert. Dar\u00fcber hinaus werden Informationen nur dann aufbewahrt, wenn dieses aus gesetzlichen Gr\u00fcnden gefordert wird (Artikel 6 Abs. 1 S. 1 lit. c DSGVO) oder diesen Informationen ein historischer Wert beigemessen wird. (Bsp. Gr\u00fcndungsmitglieder, F\u00f6rderer, Ehrungen)<\/p>\n<p><strong>Weitergabe von Daten an Dritte<\/strong><\/p>\n<p>Eine \u00dcbermittlung Ihrer pers\u00f6nlichen Daten an Dritte erfolgt nicht.<\/p>\n<p><strong>Bilder auf der Homepage<\/strong><\/p>\n<p>Wir machen von unseren \u00f6ffentlichen Veranstaltungen Bilder, welche wir auf diese Webseite stellen. Diese Bilder dienen die Erfolge des Vereins und das aktive Vereinsleben darzustellen und werden nicht weitergegeben oder nicht kommerziell genutzt.<\/p>\n<p>Die Bilder d\u00fcrfen ohne ausdr\u00fccklicher Genehmigung des Vereins nicht weitergegeben oder kommerziell genutzt werden.<\/p>\n<p>Sollte jemand mit der Ver\u00f6ffentlichung seines pers\u00f6nlichen Bildes nicht einverstanden sein, so kann er sich an den Verantwortlichen wenden.<\/p>\n<p><strong>Welche Rechte haben Sie?<\/strong><\/p>\n<ol>\n<li>Auskunft<\/li>\n<li>L\u00f6schung<\/li>\n<li>Berichtigung<\/li>\n<li>Widerspruch<\/li>\n<\/ol>\n<p>Sie k\u00f6nnen sich mit Ihrem Anliegen an den Verantwortlichen Nicole Bonertz, Markt 1, 65346 Eltville am Rhein, E-Mail: <a href=\"mailto:datenschutz@erbacher-hexen.de\">datenschutz@erbacher-hexen.de<\/a> wenden.<\/p>\n","protected":false},"excerpt":{"rendered":"<p>Geltungsbereich: Diese Datenschutzerkl\u00e4rung gilt f\u00fcr das Internet-Angebot des Fassenachtsverein \u201cErbacher-Hexen\u201c Erbach im Rheingau e.V. http:\/\/www.erbacher-hexen.de , f\u00fcr die \u00fcber diese Internetseiten erhobenen [&hellip;]<\/p>\n","protected":false},"author":2,"featured_media":0,"parent":0,"menu_order":0,"comment_status":"closed","ping_status":"closed","template":"","meta":{"footnotes":""},"class_list":["post-4057","page","type-page","status-publish","hentry"],"_links":{"self":[{"href":"https:\/\/erbacher-hexen.de\/wordpress\/wp-json\/wp\/v2\/pages\/4057","targetHints":{"allow":["GET"]}}],"collection":[{"href":"https:\/\/erbacher-hexen.de\/wordpress\/wp-json\/wp\/v2\/pages"}],"about":[{"href":"https:\/\/erbacher-hexen.de\/wordpress\/wp-json\/wp\/v2\/types\/page"}],"author":[{"embeddable":true,"href":"https:\/\/erbacher-hexen.de\/wordpress\/wp-json\/wp\/v2\/users\/2"}],"replies":[{"embeddable":true,"href":"https:\/\/erbacher-hexen.de\/wordpress\/wp-json\/wp\/v2\/comments?post=4057"}],"version-history":[{"count":10,"href":"https:\/\/erbacher-hexen.de\/wordpress\/wp-json\/wp\/v2\/pages\/4057\/revisions"}],"predecessor-version":[{"id":7005,"href":"https:\/\/erbacher-hexen.de\/wordpress\/wp-json\/wp\/v2\/pages\/4057\/revisions\/7005"}],"wp:attachment":[{"href":"https:\/\/erbacher-hexen.de\/wordpress\/wp-json\/wp\/v2\/media?parent=4057"}],"curies":[{"name":"wp","href":"https:\/\/api.w.org\/{rel}","templated":true}]}}