{"id":355,"date":"2013-09-12T00:24:04","date_gmt":"2013-09-11T22:24:04","guid":{"rendered":"http:\/\/erbacher-hexen.de\/wordpress\/?page_id=355"},"modified":"2025-11-11T19:48:14","modified_gmt":"2025-11-11T17:48:14","slug":"tanzgruppen","status":"publish","type":"page","link":"https:\/\/erbacher-hexen.de\/wordpress\/tanzgruppen","title":{"rendered":"Tanzgruppen"},"content":{"rendered":"\t\t<div data-elementor-type=\"wp-page\" data-elementor-id=\"355\" class=\"elementor elementor-355\">\n\t\t\t\t\t\t<section class=\"elementor-section elementor-top-section elementor-element elementor-element-4e4dd528 elementor-section-boxed elementor-section-height-default elementor-section-height-default\" data-id=\"4e4dd528\" data-element_type=\"section\" data-e-type=\"section\">\n\t\t\t\t\t\t<div class=\"elementor-container elementor-column-gap-default\">\n\t\t\t\t\t<div class=\"elementor-column elementor-col-100 elementor-top-column elementor-element elementor-element-6146eb8\" data-id=\"6146eb8\" data-element_type=\"column\" data-e-type=\"column\">\n\t\t\t<div class=\"elementor-widget-wrap elementor-element-populated\">\n\t\t\t\t\t\t<div class=\"elementor-element elementor-element-1e6904a5 elementor-widget elementor-widget-text-editor\" data-id=\"1e6904a5\" data-element_type=\"widget\" data-e-type=\"widget\" data-widget_type=\"text-editor.default\">\n\t\t\t\t<div class=\"elementor-widget-container\">\n\t\t\t\t\t\t\t\t\t<h3><span style=\"text-decoration: underline;\">die Zauberfunken<\/span><\/h3><div>unsere j\u00fcngsten T\u00e4nzerinnen bei den Hexen<\/div><h3><a href=\"https:\/\/erbacher-hexen.de\/wordpress\/wp-content\/uploads\/2025\/11\/Zauberfunken.jpg\"><img fetchpriority=\"high\" decoding=\"async\" class=\"wp-image-7425 size-medium alignleft\" src=\"https:\/\/erbacher-hexen.de\/wordpress\/wp-content\/uploads\/2025\/11\/Zauberfunken-300x198.jpg\" alt=\"\" width=\"300\" height=\"198\" srcset=\"https:\/\/erbacher-hexen.de\/wordpress\/wp-content\/uploads\/2025\/11\/Zauberfunken-300x198.jpg 300w, https:\/\/erbacher-hexen.de\/wordpress\/wp-content\/uploads\/2025\/11\/Zauberfunken-768x508.jpg 768w, https:\/\/erbacher-hexen.de\/wordpress\/wp-content\/uploads\/2025\/11\/Zauberfunken-1000x661.jpg 1000w, https:\/\/erbacher-hexen.de\/wordpress\/wp-content\/uploads\/2025\/11\/Zauberfunken-230x152.jpg 230w, https:\/\/erbacher-hexen.de\/wordpress\/wp-content\/uploads\/2025\/11\/Zauberfunken-350x231.jpg 350w, https:\/\/erbacher-hexen.de\/wordpress\/wp-content\/uploads\/2025\/11\/Zauberfunken-480x317.jpg 480w, https:\/\/erbacher-hexen.de\/wordpress\/wp-content\/uploads\/2025\/11\/Zauberfunken.jpg 1340w\" sizes=\"(max-width: 300px) 100vw, 300px\" \/><\/a><\/h3><h3>\u00a0<\/h3><h3>\u00a0<\/h3><h3>\u00a0<\/h3><h3><span style=\"text-decoration: underline;\"><strong>Stoppelhopser<\/strong><\/span> \u00a0 \u00a0 <a href=\"https:\/\/erbacher-hexen.de\/wordpress\/wp-content\/uploads\/2025\/11\/Stoppelhopser-Bild.jpg\"><img decoding=\"async\" class=\"alignnone wp-image-7431 size-medium\" src=\"https:\/\/erbacher-hexen.de\/wordpress\/wp-content\/uploads\/2025\/11\/Stoppelhopser-Bild-300x216.jpg\" alt=\"\" width=\"300\" height=\"216\" srcset=\"https:\/\/erbacher-hexen.de\/wordpress\/wp-content\/uploads\/2025\/11\/Stoppelhopser-Bild-300x216.jpg 300w, https:\/\/erbacher-hexen.de\/wordpress\/wp-content\/uploads\/2025\/11\/Stoppelhopser-Bild-768x552.jpg 768w, https:\/\/erbacher-hexen.de\/wordpress\/wp-content\/uploads\/2025\/11\/Stoppelhopser-Bild-230x165.jpg 230w, https:\/\/erbacher-hexen.de\/wordpress\/wp-content\/uploads\/2025\/11\/Stoppelhopser-Bild-350x251.jpg 350w, https:\/\/erbacher-hexen.de\/wordpress\/wp-content\/uploads\/2025\/11\/Stoppelhopser-Bild-480x345.jpg 480w, https:\/\/erbacher-hexen.de\/wordpress\/wp-content\/uploads\/2025\/11\/Stoppelhopser-Bild.jpg 927w\" sizes=\"(max-width: 300px) 100vw, 300px\" \/><\/a><\/h3><p>die etwas gr\u00f6\u00dferen von den kleinen T\u00e4nzerinnen\u00a0 hier bei den Hexen<\/p><h3><span style=\"text-decoration: underline;\"><strong>Hexengirls <\/strong><\/span>\u00a0 <a href=\"https:\/\/erbacher-hexen.de\/wordpress\/wp-content\/uploads\/2025\/06\/IMG-20250616-WA0007.jpg\"><img decoding=\"async\" class=\"alignnone wp-image-7332 size-medium\" src=\"https:\/\/erbacher-hexen.de\/wordpress\/wp-content\/uploads\/2025\/06\/IMG-20250616-WA0007-300x148.jpg\" alt=\"\" width=\"300\" height=\"148\" srcset=\"https:\/\/erbacher-hexen.de\/wordpress\/wp-content\/uploads\/2025\/06\/IMG-20250616-WA0007-300x148.jpg 300w, https:\/\/erbacher-hexen.de\/wordpress\/wp-content\/uploads\/2025\/06\/IMG-20250616-WA0007-1500x742.jpg 1500w, https:\/\/erbacher-hexen.de\/wordpress\/wp-content\/uploads\/2025\/06\/IMG-20250616-WA0007-768x380.jpg 768w, https:\/\/erbacher-hexen.de\/wordpress\/wp-content\/uploads\/2025\/06\/IMG-20250616-WA0007-1536x760.jpg 1536w, https:\/\/erbacher-hexen.de\/wordpress\/wp-content\/uploads\/2025\/06\/IMG-20250616-WA0007-1000x495.jpg 1000w, https:\/\/erbacher-hexen.de\/wordpress\/wp-content\/uploads\/2025\/06\/IMG-20250616-WA0007-230x114.jpg 230w, https:\/\/erbacher-hexen.de\/wordpress\/wp-content\/uploads\/2025\/06\/IMG-20250616-WA0007-350x173.jpg 350w, https:\/\/erbacher-hexen.de\/wordpress\/wp-content\/uploads\/2025\/06\/IMG-20250616-WA0007-480x237.jpg 480w, https:\/\/erbacher-hexen.de\/wordpress\/wp-content\/uploads\/2025\/06\/IMG-20250616-WA0007.jpg 1781w\" sizes=\"(max-width: 300px) 100vw, 300px\" \/><\/a><\/h3><p>hier tanzen die jungen Girls<\/p><h3><span style=\"text-decoration: underline;\"><strong>Garde\u00a0\u00a0<\/strong><\/span> <a href=\"https:\/\/erbacher-hexen.de\/wordpress\/wp-content\/uploads\/2025\/11\/Garde-scaled.jpg\"><img loading=\"lazy\" decoding=\"async\" class=\"alignnone wp-image-7429 size-medium\" src=\"https:\/\/erbacher-hexen.de\/wordpress\/wp-content\/uploads\/2025\/11\/Garde-300x225.jpg\" alt=\"\" width=\"300\" height=\"225\" srcset=\"https:\/\/erbacher-hexen.de\/wordpress\/wp-content\/uploads\/2025\/11\/Garde-300x225.jpg 300w, https:\/\/erbacher-hexen.de\/wordpress\/wp-content\/uploads\/2025\/11\/Garde-1500x1125.jpg 1500w, https:\/\/erbacher-hexen.de\/wordpress\/wp-content\/uploads\/2025\/11\/Garde-768x576.jpg 768w, https:\/\/erbacher-hexen.de\/wordpress\/wp-content\/uploads\/2025\/11\/Garde-1536x1152.jpg 1536w, https:\/\/erbacher-hexen.de\/wordpress\/wp-content\/uploads\/2025\/11\/Garde-2048x1537.jpg 2048w, https:\/\/erbacher-hexen.de\/wordpress\/wp-content\/uploads\/2025\/11\/Garde-1000x750.jpg 1000w, https:\/\/erbacher-hexen.de\/wordpress\/wp-content\/uploads\/2025\/11\/Garde-230x173.jpg 230w, https:\/\/erbacher-hexen.de\/wordpress\/wp-content\/uploads\/2025\/11\/Garde-350x263.jpg 350w, https:\/\/erbacher-hexen.de\/wordpress\/wp-content\/uploads\/2025\/11\/Garde-480x360.jpg 480w\" sizes=\"(max-width: 300px) 100vw, 300px\" \/><\/a> <a href=\"https:\/\/erbacher-hexen.de\/wordpress\/wp-content\/uploads\/2025\/11\/Showtanz-scaled.jpg\"><img loading=\"lazy\" decoding=\"async\" class=\"alignnone wp-image-7430 size-medium\" src=\"https:\/\/erbacher-hexen.de\/wordpress\/wp-content\/uploads\/2025\/11\/Showtanz-300x225.jpg\" alt=\"\" width=\"300\" height=\"225\" srcset=\"https:\/\/erbacher-hexen.de\/wordpress\/wp-content\/uploads\/2025\/11\/Showtanz-300x225.jpg 300w, https:\/\/erbacher-hexen.de\/wordpress\/wp-content\/uploads\/2025\/11\/Showtanz-1500x1125.jpg 1500w, https:\/\/erbacher-hexen.de\/wordpress\/wp-content\/uploads\/2025\/11\/Showtanz-768x576.jpg 768w, https:\/\/erbacher-hexen.de\/wordpress\/wp-content\/uploads\/2025\/11\/Showtanz-1536x1152.jpg 1536w, https:\/\/erbacher-hexen.de\/wordpress\/wp-content\/uploads\/2025\/11\/Showtanz-2048x1536.jpg 2048w, https:\/\/erbacher-hexen.de\/wordpress\/wp-content\/uploads\/2025\/11\/Showtanz-1000x750.jpg 1000w, https:\/\/erbacher-hexen.de\/wordpress\/wp-content\/uploads\/2025\/11\/Showtanz-230x173.jpg 230w, https:\/\/erbacher-hexen.de\/wordpress\/wp-content\/uploads\/2025\/11\/Showtanz-350x263.jpg 350w, https:\/\/erbacher-hexen.de\/wordpress\/wp-content\/uploads\/2025\/11\/Showtanz-480x360.jpg 480w\" sizes=\"(max-width: 300px) 100vw, 300px\" \/><\/a><\/h3><p>sie tanzen Gardetanz und Showtanz<\/p><h3>\u00a0<\/h3><h3><span style=\"text-decoration: underline;\"><strong>M\u00e4nnerballett <\/strong><\/span>\u00a0 \u00a0 <a href=\"https:\/\/erbacher-hexen.de\/wordpress\/wp-content\/uploads\/2025\/03\/Sitzung2025_24.jpg\"><img loading=\"lazy\" decoding=\"async\" class=\"alignnone wp-image-7257 size-medium\" src=\"https:\/\/erbacher-hexen.de\/wordpress\/wp-content\/uploads\/2025\/03\/Sitzung2025_24-300x225.jpg\" alt=\"\" width=\"300\" height=\"225\" srcset=\"https:\/\/erbacher-hexen.de\/wordpress\/wp-content\/uploads\/2025\/03\/Sitzung2025_24-300x225.jpg 300w, https:\/\/erbacher-hexen.de\/wordpress\/wp-content\/uploads\/2025\/03\/Sitzung2025_24-768x576.jpg 768w, https:\/\/erbacher-hexen.de\/wordpress\/wp-content\/uploads\/2025\/03\/Sitzung2025_24-230x173.jpg 230w, https:\/\/erbacher-hexen.de\/wordpress\/wp-content\/uploads\/2025\/03\/Sitzung2025_24-350x263.jpg 350w, https:\/\/erbacher-hexen.de\/wordpress\/wp-content\/uploads\/2025\/03\/Sitzung2025_24-480x360.jpg 480w, https:\/\/erbacher-hexen.de\/wordpress\/wp-content\/uploads\/2025\/03\/Sitzung2025_24.jpg 800w\" sizes=\"(max-width: 300px) 100vw, 300px\" \/><\/a><\/h3><p>hier zeigen die M\u00e4nner mal, was m\u00f6glich ist.<\/p>\t\t\t\t\t\t\t\t<\/div>\n\t\t\t\t<\/div>\n\t\t\t\t\t<\/div>\n\t\t<\/div>\n\t\t\t\t\t<\/div>\n\t\t<\/section>\n\t\t\t\t<\/div>\n\t\t","protected":false},"excerpt":{"rendered":"<p>die Zauberfunken unsere j\u00fcngsten T\u00e4nzerinnen bei den Hexen \u00a0 \u00a0 \u00a0 Stoppelhopser \u00a0 \u00a0 die etwas gr\u00f6\u00dferen von den kleinen T\u00e4nzerinnen\u00a0 hier [&hellip;]<\/p>\n","protected":false},"author":2,"featured_media":0,"parent":0,"menu_order":0,"comment_status":"closed","ping_status":"closed","template":"","meta":{"footnotes":""},"class_list":["post-355","page","type-page","status-publish","hentry"],"_links":{"self":[{"href":"https:\/\/erbacher-hexen.de\/wordpress\/wp-json\/wp\/v2\/pages\/355","targetHints":{"allow":["GET"]}}],"collection":[{"href":"https:\/\/erbacher-hexen.de\/wordpress\/wp-json\/wp\/v2\/pages"}],"about":[{"href":"https:\/\/erbacher-hexen.de\/wordpress\/wp-json\/wp\/v2\/types\/page"}],"author":[{"embeddable":true,"href":"https:\/\/erbacher-hexen.de\/wordpress\/wp-json\/wp\/v2\/users\/2"}],"replies":[{"embeddable":true,"href":"https:\/\/erbacher-hexen.de\/wordpress\/wp-json\/wp\/v2\/comments?post=355"}],"version-history":[{"count":26,"href":"https:\/\/erbacher-hexen.de\/wordpress\/wp-json\/wp\/v2\/pages\/355\/revisions"}],"predecessor-version":[{"id":7525,"href":"https:\/\/erbacher-hexen.de\/wordpress\/wp-json\/wp\/v2\/pages\/355\/revisions\/7525"}],"wp:attachment":[{"href":"https:\/\/erbacher-hexen.de\/wordpress\/wp-json\/wp\/v2\/media?parent=355"}],"curies":[{"name":"wp","href":"https:\/\/api.w.org\/{rel}","templated":true}]}}